{"id":92,"date":"2025-03-27T15:03:26","date_gmt":"2025-03-27T15:03:26","guid":{"rendered":"https:\/\/newjoinz.com\/?page_id=92"},"modified":"2026-02-27T15:41:24","modified_gmt":"2026-02-27T15:41:24","slug":"terms-of-service","status":"publish","type":"page","link":"https:\/\/newjoinz.com\/fr\/terms-of-service\/","title":{"rendered":"Conditions d&#039;utilisation"},"content":{"rendered":"<p><strong>Derni\u00e8re mise \u00e0 jour\u00a0:<\/strong> 27 f\u00e9vrier 2026<\/p>\n\n<hr>\n\n<h2>1. Acceptation des conditions<\/h2>\n\n<p>En acc\u00e9dant au site web ou en l&#039;utilisant <strong>Nouveaux membres<\/strong> En utilisant ce site Web (\u201c\u00a0Site Web\u00a0\u201d), vous acceptez d\u2019\u00eatre li\u00e9 par les pr\u00e9sentes Conditions d\u2019utilisation, ainsi que par toutes les lois et r\u00e9glementations applicables de la R\u00e9publique f\u00e9d\u00e9rative du Br\u00e9sil.<\/p>\n\n<p>Si vous n&#039;acceptez pas l&#039;une quelconque des dispositions des pr\u00e9sentes Conditions, vous devez imm\u00e9diatement cesser d&#039;utiliser ce site Web.<\/p>\n\n<p>Tous les \u00e9l\u00e9ments disponibles sur ce site Web sont prot\u00e9g\u00e9s par les lois applicables en mati\u00e8re de droit d&#039;auteur, de marques de commerce et de propri\u00e9t\u00e9 intellectuelle.<\/p>\n\n<hr>\n\n<h2>2. Licence d&#039;utilisation<\/h2>\n\n<p>New Joinz vous accorde une licence limit\u00e9e, non exclusive, non transf\u00e9rable et r\u00e9vocable vous autorisant \u00e0 t\u00e9l\u00e9charger temporairement une copie des documents (informations ou logiciels) \u00e0 des fins de consultation personnelle, non commerciale et transitoire uniquement.<\/p>\n\n<p>Cette licence n&#039;entra\u00eene pas le transfert de propri\u00e9t\u00e9.<\/p>\n\n<p>En vertu de cette licence, vous n&#039;\u00eates pas autoris\u00e9 \u00e0\u00a0:<\/p>\n\n<ul>\n<li>Modifier, reproduire ou copier les documents ;<\/li>\n<li>Utiliser les documents \u00e0 des fins commerciales ou pour une diffusion publique (commerciale ou non commerciale)\u00a0;<\/li>\n<li>Toute tentative de d\u00e9compilation, d&#039;ing\u00e9nierie inverse ou de d\u00e9sassemblage de tout logiciel contenu sur le site Web est interdite.;<\/li>\n<li>Supprimer les mentions de droit d&#039;auteur, de marque ou autres avis de propri\u00e9t\u00e9\u00a0;<\/li>\n<li>Transf\u00e9rer, conc\u00e9der en sous-licence ou \u201c reproduire \u201d les documents sur un autre serveur.<\/li>\n<\/ul>\n\n<p>Cette licence sera automatiquement r\u00e9sili\u00e9e en cas de violation de l&#039;une de ces restrictions et peut \u00eatre r\u00e9sili\u00e9e par New Joinz \u00e0 tout moment. En cas de r\u00e9siliation, vous devez d\u00e9truire tous les documents t\u00e9l\u00e9charg\u00e9s en votre possession, qu&#039;ils soient au format \u00e9lectronique ou imprim\u00e9.<\/p>\n\n<hr>\n\n<h2>3. Exclusion de garanties<\/h2>\n\n<p>Les documents pr\u00e9sents sur le site Web sont fournis sur une base de donn\u00e9es <strong>\u201c tel quel \u201d<\/strong> et <strong>\u201c selon disponibilit\u00e9 \u201d<\/strong> base.<\/p>\n\n<p>New Joinz n&#039;offre aucune garantie expresse ou implicite et d\u00e9cline par la pr\u00e9sente toute garantie, y compris, sans limitation\u00a0:<\/p>\n\n<ul>\n<li>Garanties implicites de qualit\u00e9 marchande ;<\/li>\n<li>Aptitude \u00e0 un usage particulier ;<\/li>\n<li>Non-violation des droits de propri\u00e9t\u00e9 intellectuelle ou autres droits.<\/li>\n<\/ul>\n\n<p>New Joinz ne garantit pas l&#039;exactitude, l&#039;exhaustivit\u00e9, la fiabilit\u00e9 ni les r\u00e9sultats probables de l&#039;utilisation des documents pr\u00e9sents sur son site Web ou sur tout site li\u00e9.<\/p>\n\n<hr>\n\n<h2>4. Limitation de responsabilit\u00e9<\/h2>\n\n<p>Dans toute la mesure permise par le droit br\u00e9silien, y compris le Code civil br\u00e9silien et le \n<a href=\"https:\/\/www.planalto.gov.br\/ccivil_03\/_ato2011-2014\/2014\/lei\/l12965.htm\" target=\"_blank\" rel=\"noopener noreferrer\">\nCadre civil d&#039;Internet (Loi n\u00b0 12.965\/2014)\n<\/a>, New Joinz et ses fournisseurs ne sauraient \u00eatre tenus responsables de quelque dommage que ce soit, y compris, mais sans s&#039;y limiter\u00a0:<\/p>\n\n<ul>\n<li>Perte de donn\u00e9es ;<\/li>\n<li>Perte de profits ;<\/li>\n<li>interruption d&#039;activit\u00e9 ;<\/li>\n<li>Dommages indirects, accessoires, cons\u00e9cutifs ou punitifs.<\/li>\n<\/ul>\n\n<p>Ceci s&#039;applique m\u00eame si New Joinz a \u00e9t\u00e9 inform\u00e9e de la possibilit\u00e9 de tels dommages.<\/p>\n\n<p>Le cas \u00e9ch\u00e9ant, les droits obligatoires en mati\u00e8re de protection des consommateurs en vertu de la \n<a href=\"https:\/\/www.planalto.gov.br\/ccivil_03\/leis\/l8078compilado.htm\" target=\"_blank\" rel=\"noopener noreferrer\">\nCode br\u00e9silien de la protection des consommateurs (Loi n\u00b0 8.078\/1990)\n<\/a> pr\u00e9vaudra.<\/p>\n\n<hr>\n\n<h2>5. Pr\u00e9cision des mat\u00e9riaux<\/h2>\n\n<p>Les documents figurant sur le site Web peuvent contenir des erreurs techniques, typographiques ou photographiques.<\/p>\n\n<p>New Joinz ne garantit pas l&#039;exactitude, l&#039;exhaustivit\u00e9 ni l&#039;actualit\u00e9 des informations pr\u00e9sentes sur le site web. Le site web peut \u00eatre mis \u00e0 jour ou modifi\u00e9 \u00e0 tout moment et sans pr\u00e9avis, mais New Joinz n&#039;est tenu \u00e0 aucune obligation de mise \u00e0 jour.<\/p>\n\n<hr>\n\n<h2>6. Liens vers des sites Web tiers<\/h2>\n\n<p>Le site Web peut contenir des liens vers des sites Web tiers. New Joinz n&#039;a pas examin\u00e9 tous les sites li\u00e9s et n&#039;est pas responsable de leur contenu, de leurs politiques ou de leurs pratiques.<\/p>\n\n<p>L&#039;inclusion d&#039;un lien n&#039;implique aucune approbation. L&#039;acc\u00e8s aux sites web tiers se fait aux risques et p\u00e9rils de l&#039;utilisateur.<\/p>\n\n<hr>\n\n<h2>7. Protection des donn\u00e9es et confidentialit\u00e9<\/h2>\n\n<p>Le traitement des donn\u00e9es personnelles est effectu\u00e9 conform\u00e9ment \u00e0 la l\u00e9gislation br\u00e9silienne, notamment\u00a0:<\/p>\n\n<ul>\n<li>\n<a href=\"https:\/\/www.planalto.gov.br\/ccivil_03\/_ato2015-2018\/2018\/lei\/l13709.htm\" target=\"_blank\" rel=\"noopener noreferrer\">\nLei Geral de Prote\u00e7\u00e3o de Dados \u2013 LGPD (Loi n\u00b0 13.709\/2018)\n<\/a>\n<\/li>\n<li>\n<a href=\"https:\/\/www.planalto.gov.br\/ccivil_03\/_ato2011-2014\/2014\/lei\/l12965.htm\" target=\"_blank\" rel=\"noopener noreferrer\">\nCadre civil d&#039;Internet (Loi n\u00b0 12.965\/2014)\n<\/a>\n<\/li>\n<\/ul>\n\n<p>En utilisant le site Web, vous reconnaissez et acceptez que vos donn\u00e9es personnelles puissent \u00eatre trait\u00e9es comme d\u00e9crit dans notre politique de confidentialit\u00e9, conform\u00e9ment aux principes de limitation des finalit\u00e9s, d&#039;ad\u00e9quation, de n\u00e9cessit\u00e9, de transparence et de s\u00e9curit\u00e9.<\/p>\n\n<hr>\n\n<h2>8. Modifications des conditions<\/h2>\n\n<p>New Joinz peut modifier ces conditions d&#039;utilisation \u00e0 tout moment et sans pr\u00e9avis.<\/p>\n\n<p>En continuant \u00e0 utiliser le site Web apr\u00e8s la publication des modifications, vous acceptez d&#039;\u00eatre li\u00e9 par la version mise \u00e0 jour.<\/p>\n\n<hr>\n\n<h2>9. Droit applicable et juridiction<\/h2>\n\n<p>Les pr\u00e9sentes conditions d&#039;utilisation sont r\u00e9gies et interpr\u00e9t\u00e9es conform\u00e9ment aux lois de la R\u00e9publique f\u00e9d\u00e9rative du Br\u00e9sil.<\/p>\n\n<p>Vous vous soumettez irr\u00e9vocablement \u00e0 la comp\u00e9tence exclusive des tribunaux du district de S\u00e3o Paulo, \u00c9tat de S\u00e3o Paulo, Br\u00e9sil, renon\u00e7ant \u00e0 toute autre juridiction, aussi privil\u00e9gi\u00e9e soit-elle.<\/p>","protected":false},"excerpt":{"rendered":"<p>Last updated: February 27, 2026 1. Acceptance of Terms By accessing or using the website New Joinz (\u201cWebsite\u201d), you agree to be&#8230;<\/p>","protected":false},"author":3,"featured_media":0,"parent":0,"menu_order":0,"comment_status":"closed","ping_status":"closed","template":"","meta":{"footnotes":""},"class_list":["post-92","page","type-page","status-publish","hentry","entry"],"_links":{"self":[{"href":"https:\/\/newjoinz.com\/fr\/wp-json\/wp\/v2\/pages\/92","targetHints":{"allow":["GET"]}}],"collection":[{"href":"https:\/\/newjoinz.com\/fr\/wp-json\/wp\/v2\/pages"}],"about":[{"href":"https:\/\/newjoinz.com\/fr\/wp-json\/wp\/v2\/types\/page"}],"author":[{"embeddable":true,"href":"https:\/\/newjoinz.com\/fr\/wp-json\/wp\/v2\/users\/3"}],"replies":[{"embeddable":true,"href":"https:\/\/newjoinz.com\/fr\/wp-json\/wp\/v2\/comments?post=92"}],"version-history":[{"count":5,"href":"https:\/\/newjoinz.com\/fr\/wp-json\/wp\/v2\/pages\/92\/revisions"}],"predecessor-version":[{"id":1679,"href":"https:\/\/newjoinz.com\/fr\/wp-json\/wp\/v2\/pages\/92\/revisions\/1679"}],"wp:attachment":[{"href":"https:\/\/newjoinz.com\/fr\/wp-json\/wp\/v2\/media?parent=92"}],"curies":[{"name":"wp","href":"https:\/\/api.w.org\/{rel}","templated":true}]}}