{"id":89,"date":"2025-03-27T15:02:31","date_gmt":"2025-03-27T15:02:31","guid":{"rendered":"https:\/\/newjoinz.com\/?page_id=89"},"modified":"2026-04-06T20:44:07","modified_gmt":"2026-04-06T20:44:07","slug":"privacy-policy-2","status":"publish","type":"page","link":"https:\/\/newjoinz.com\/fr\/privacy-policy-2\/","title":{"rendered":"politique de confidentialit\u00e9"},"content":{"rendered":"<p><strong>Date d&#039;entr\u00e9e en vigueur : avril 2026<\/strong><\/p>\n\n\n\n<p>Le respect de votre vie priv\u00e9e est important pour nous. La politique de New Joinz est de respecter votre vie priv\u00e9e concernant toute information que nous pourrions recueillir aupr\u00e8s de vous sur notre site web et sur les autres sites que nous poss\u00e9dons et exploitons.<\/p>\n\n\n\n<h2 class=\"wp-block-heading\">1. Responsable du traitement des donn\u00e9es (Entit\u00e9 responsable)<\/h2>\n\n\n\n<p>Le responsable du traitement des donn\u00e9es personnelles est\u00a0:<\/p>\n\n\n\n<p>\n<strong>G MATTUCCI EMPREENDIMENTOS ONLINE EIRELI<\/strong><br>\nCNPJ : 33.750.272\/0001-68<br>\nPays : Br\u00e9sil<br>\nAdresse \u00e9lectronique de contact\u00a0: <a href=\"mailto:privacy@newjoinz.com\">privacy@newjoinz.com<\/a>\n<\/p>\n\n\n\n<h2 class=\"wp-block-heading\">2. Base juridique (Conformit\u00e9 \u00e0 la LGPD)<\/h2>\n\n\n\n<p>Cette politique de confidentialit\u00e9 est conforme \u00e0 la loi g\u00e9n\u00e9rale br\u00e9silienne sur la protection des donn\u00e9es (Lei Geral de Prote\u00e7\u00e3o de Dados \u2013 LGPD, loi n\u00b0 13.709\/2018).<\/p>\n\n\n\n<p>Nous traitons les donn\u00e9es personnelles sur la base des fondements juridiques applicables, notamment\u00a0:<\/p>\n\n\n\n<ul class=\"wp-block-list\">\n<li>Consentement de l&#039;utilisateur<\/li>\n\n\n\n<li>Int\u00e9r\u00eat l\u00e9gitime<\/li>\n\n\n\n<li>Obligations l\u00e9gales<\/li>\n<\/ul>\n\n\n\n<h2 class=\"wp-block-heading\">3. Informations que nous recueillons<\/h2>\n\n\n\n<p>Nous ne demandons des renseignements personnels que lorsque cela est n\u00e9cessaire pour fournir un service, par exemple\u00a0:<\/p>\n\n\n\n<ul class=\"wp-block-list\">\n<li>Formulaires de contact<\/li>\n\n\n\n<li>Abonnements aux newsletters<\/li>\n\n\n\n<li>Inscription au compte utilisateur<\/li>\n<\/ul>\n\n\n\n<p>Nous collectons des donn\u00e9es de mani\u00e8re loyale et licite, avec votre consentement \u00e9clair\u00e9, et nous vous informons clairement de leur finalit\u00e9.<\/p>\n\n\n\n<h2 class=\"wp-block-heading\">4. Utilisation des informations<\/h2>\n\n\n\n<p>Les donn\u00e9es collect\u00e9es peuvent \u00eatre utilis\u00e9es pour\u00a0:<\/p>\n\n\n\n<ul class=\"wp-block-list\">\n<li>Fournir et am\u00e9liorer nos services<\/li>\n\n\n\n<li>R\u00e9pondre aux demandes des utilisateurs<\/li>\n\n\n\n<li>Envoyer des communications (lorsque autoris\u00e9)<\/li>\n\n\n\n<li>Analyser les performances du site web<\/li>\n\n\n\n<li>Afficher des publicit\u00e9s personnalis\u00e9es<\/li>\n<\/ul>\n\n\n\n<h2 class=\"wp-block-heading\">5. Conservation et protection des donn\u00e9es<\/h2>\n\n\n\n<p>Nous ne conservons les renseignements personnels que pendant la p\u00e9riode n\u00e9cessaire aux fins d\u00e9crites dans la pr\u00e9sente politique.<\/p>\n\n\n\n<p>Nous prot\u00e9geons les donn\u00e9es stock\u00e9es \u00e0 l&#039;aide de mesures de s\u00e9curit\u00e9 commercialement acceptables afin d&#039;emp\u00eacher tout acc\u00e8s non autoris\u00e9, perte, vol ou alt\u00e9ration.<\/p>\n\n\n\n<h2 class=\"wp-block-heading\">6. Partage de donn\u00e9es<\/h2>\n\n\n\n<p>Nous ne partageons pas publiquement ni avec des tiers les informations permettant d&#039;identifier une personne, sauf\u00a0:<\/p>\n\n\n\n<ul class=\"wp-block-list\">\n<li>Lorsque la loi l&#039;exige<\/li>\n\n\n\n<li>Avec les prestataires de services n\u00e9cessaires au fonctionnement du site web (analyse, publicit\u00e9, h\u00e9bergement)<\/li>\n<\/ul>\n\n\n\n<h2 class=\"wp-block-heading\">7. Publicit\u00e9 et cookies tiers<\/h2>\n\n\n\n<p>Nous utilisons des services publicitaires tiers tels que Google Ads et Google AdSense.<\/p>\n\n\n\n<p>Ces services utilisent des cookies et des technologies similaires pour\u00a0:<\/p>\n\n\n\n<ul class=\"wp-block-list\">\n<li>Afficher des publicit\u00e9s pertinentes<\/li>\n\n\n\n<li>Personnalisez la publicit\u00e9 en fonction de vos centres d&#039;int\u00e9r\u00eat<\/li>\n\n\n\n<li>Mesurer la performance de la campagne<\/li>\n<\/ul>\n\n\n\n<p>Google peut utiliser des cookies pour diffuser des annonces en fonction de vos visites pr\u00e9c\u00e9dentes sur ce site ou d&#039;autres sites web.<\/p>\n\n\n\n<p>D\u00e9couvrez comment Google utilise les donn\u00e9es\u00a0:<\/p>\n\n\n\n<figure class=\"wp-block-embed\"><div class=\"wp-block-embed__wrapper\">\nhttps:\/\/policies.google.com\/technologies\/ads\n<\/div><\/figure>\n\n\n\n<h3 class=\"wp-block-heading\">G\u00e9rez vos pr\u00e9f\u00e9rences publicitaires<\/h3>\n\n\n\n<p>Vous pouvez g\u00e9rer ou d\u00e9sactiver la publicit\u00e9 personnalis\u00e9e \u00e0 l&#039;adresse suivante\u00a0:<\/p>\n\n\n\n<p>\n<a href=\"https:\/\/adssettings.google.com\/\" target=\"_blank\" rel=\"noopener noreferrer\">\nParam\u00e8tres des annonces Google\n<\/a>\n<br><br>\n<a href=\"https:\/\/myadcenter.google.com\/\" target=\"_blank\" rel=\"noopener noreferrer\">\nCentre publicitaire Google\n<\/a>\n<\/p>\n\n\n\n<p>Vous pouvez \u00e9galement refuser la publicit\u00e9 personnalis\u00e9e de tiers\u00a0:<\/p>\n\n\n\n<p>\n<a href=\"http:\/\/www.aboutads.info\/choices\/\" target=\"_blank\" rel=\"noopener noreferrer\">\nhttp:\/\/www.aboutads.info\/choices\/\n<\/a>\n<\/p>\n\n\n\n<h2 class=\"wp-block-heading\">8. Liens externes<\/h2>\n\n\n\n<p>Notre site web peut contenir des liens vers des sites externes. Nous ne sommes pas responsables des pratiques de confidentialit\u00e9 de ces sites et vous recommandons de consulter leurs politiques.<\/p>\n\n\n\n<h2 class=\"wp-block-heading\">9. Politique relative aux cookies<\/h2>\n\n\n\n<h3 class=\"wp-block-heading\">Que sont les cookies ?<\/h3>\n\n\n\n<p>Les cookies sont de petits fichiers stock\u00e9s sur votre appareil pour am\u00e9liorer votre exp\u00e9rience de navigation.<\/p>\n\n\n\n<h3 class=\"wp-block-heading\">Comment nous utilisons les cookies<\/h3>\n\n\n\n<ul class=\"wp-block-list\">\n<li>Assurez le bon fonctionnement du site web<\/li>\n\n\n\n<li>Stocker les pr\u00e9f\u00e9rences de l&#039;utilisateur<\/li>\n\n\n\n<li>Analyser le trafic et les comportements<\/li>\n\n\n\n<li>Diffuser de la publicit\u00e9 personnalis\u00e9e<\/li>\n<\/ul>\n\n\n\n<h3 class=\"wp-block-heading\">D\u00e9sactiver les cookies<\/h3>\n\n\n\n<p>Vous pouvez d\u00e9sactiver les cookies dans les param\u00e8tres de votre navigateur. Consultez les guides ci-dessous\u00a0:<\/p>\n\n\n\n<ul class=\"wp-block-list\">\n<li><a href=\"https:\/\/support.google.com\/chrome\/answer\/95647\" target=\"_blank\">Google Chrome<\/a><\/li>\n\n\n\n<li><a href=\"https:\/\/support.mozilla.org\" target=\"_blank\">Mozilla Firefox<\/a><\/li>\n\n\n\n<li><a href=\"https:\/\/support.microsoft.com\" target=\"_blank\">Microsoft Edge<\/a><\/li>\n\n\n\n<li><a href=\"https:\/\/help.opera.com\" target=\"_blank\">Op\u00e9ra<\/a><\/li>\n\n\n\n<li><a href=\"https:\/\/support.apple.com\" target=\"_blank\">Safari<\/a><\/li>\n<\/ul>\n\n\n\n<p>La d\u00e9sactivation des cookies peut affecter le fonctionnement de ce site web et d&#039;autres sites web.<\/p>\n\n\n\n<h2 class=\"wp-block-heading\">10. Cookies tiers<\/h2>\n\n\n\n<p>Ce site utilise des services d&#039;analyse tels que Google Analytics.<\/p>\n\n\n\n<p>Google Analytics nous aide \u00e0 comprendre comment les utilisateurs interagissent avec notre site web.<\/p>\n\n\n\n<p>Apprendre encore plus:<\/p>\n\n\n\n<figure class=\"wp-block-embed\"><div class=\"wp-block-embed__wrapper\">\nhttps:\/\/policies.google.com\/privacy\n<\/div><\/figure>\n\n\n\n<p>Vous pouvez d\u00e9sactiver le suivi Google Analytics\u00a0:<\/p>\n\n\n\n<figure class=\"wp-block-embed\"><div class=\"wp-block-embed__wrapper\">\nhttps:\/\/tools.google.com\/dlpage\/gaoptout\n<\/div><\/figure>\n\n\n\n<h2 class=\"wp-block-heading\">11. Droits des utilisateurs (LGPD)<\/h2>\n\n\n\n<p>En vertu de la LGPD, les utilisateurs ont le droit de\u00a0:<\/p>\n\n\n\n<ul class=\"wp-block-list\">\n<li>Acc\u00e9der \u00e0 leurs donn\u00e9es personnelles<\/li>\n\n\n\n<li>Demande de correction des donn\u00e9es incompl\u00e8tes ou obsol\u00e8tes<\/li>\n\n\n\n<li>Demande de suppression des donn\u00e9es inutiles<\/li>\n\n\n\n<li>Retirer mon consentement<\/li>\n<\/ul>\n\n\n\n<p>Pour exercer vos droits, contactez-nous par courriel.<\/p>\n\n\n\n<h2 class=\"wp-block-heading\">12. Consent<\/h2>\n\n\n\n<p>En continuant \u00e0 utiliser notre site web, vous acceptez la pr\u00e9sente politique de confidentialit\u00e9 et l&#039;utilisation des cookies et des technologies publicitaires d\u00e9crites ici.<\/p>\n\n\n\n<h2 class=\"wp-block-heading\">13. Mises \u00e0 jour de la pr\u00e9sente politique<\/h2>\n\n\n\n<p>Cette politique peut \u00eatre mise \u00e0 jour p\u00e9riodiquement. Les modifications seront publi\u00e9es sur cette page avec la date de mise \u00e0 jour.<\/p>\n\n\n\n<hr class=\"wp-block-separator has-alpha-channel-opacity\"\/>\n\n\n\n<p>\u00a9 2026 G MATTUCCI EMPREENDIMENTOS ONLINE EIRELI \u2013 CNPJ 33.750.272\/0001-68. Tous droits r\u00e9serv\u00e9s. Fabriqu\u00e9 avec \u2764 au Br\u00e9sil.<\/p>","protected":false},"excerpt":{"rendered":"<p>Effective date: April 2026 Your privacy is important to us. It is New Joinz\u2019s policy to respect your privacy regarding any information&#8230;<\/p>","protected":false},"author":3,"featured_media":0,"parent":0,"menu_order":0,"comment_status":"closed","ping_status":"closed","template":"","meta":{"footnotes":""},"class_list":["post-89","page","type-page","status-publish","hentry","entry"],"_links":{"self":[{"href":"https:\/\/newjoinz.com\/fr\/wp-json\/wp\/v2\/pages\/89","targetHints":{"allow":["GET"]}}],"collection":[{"href":"https:\/\/newjoinz.com\/fr\/wp-json\/wp\/v2\/pages"}],"about":[{"href":"https:\/\/newjoinz.com\/fr\/wp-json\/wp\/v2\/types\/page"}],"author":[{"embeddable":true,"href":"https:\/\/newjoinz.com\/fr\/wp-json\/wp\/v2\/users\/3"}],"replies":[{"embeddable":true,"href":"https:\/\/newjoinz.com\/fr\/wp-json\/wp\/v2\/comments?post=89"}],"version-history":[{"count":5,"href":"https:\/\/newjoinz.com\/fr\/wp-json\/wp\/v2\/pages\/89\/revisions"}],"predecessor-version":[{"id":1796,"href":"https:\/\/newjoinz.com\/fr\/wp-json\/wp\/v2\/pages\/89\/revisions\/1796"}],"wp:attachment":[{"href":"https:\/\/newjoinz.com\/fr\/wp-json\/wp\/v2\/media?parent=89"}],"curies":[{"name":"wp","href":"https:\/\/api.w.org\/{rel}","templated":true}]}}