{"id":102,"date":"2025-03-27T16:21:52","date_gmt":"2025-03-27T16:21:52","guid":{"rendered":"https:\/\/newjoinz.com\/?page_id=102"},"modified":"2026-02-27T14:41:29","modified_gmt":"2026-02-27T14:41:29","slug":"about-us","status":"publish","type":"page","link":"https:\/\/newjoinz.com\/fr\/about-us\/","title":{"rendered":"\u00c0 propos de NewJoinz"},"content":{"rendered":"<p>Bienvenue sur <strong>NewJoinz<\/strong>, votre source de confiance pour naviguer dans le monde moderne du shopping en ligne.<\/p>\n\n\n\n<p>Notre mission est simple : <strong>pour rendre les achats en ligne plus faciles, plus s\u00fbrs et plus intelligents<\/strong>. Alors que les plateformes de commerce \u00e9lectronique \u00e9voluent rapidement \u2014 avec de nouvelles fonctionnalit\u00e9s, des syst\u00e8mes de r\u00e9compenses, des politiques et des tendances qui \u00e9mergent chaque jour \u2014, nous fournissons des informations claires, pratiques et \u00e0 jour pour que vous puissiez magasiner en toute confiance.<\/p>\n\n\n\n<hr class=\"wp-block-separator has-alpha-channel-opacity\"\/>\n\n\n\n<h2 class=\"wp-block-heading\">Ce que nous faisons<\/h2>\n\n\n\n<p>Chez NewJoinz, nous analysons et simplifions les plateformes d&#039;achat les plus influentes d&#039;aujourd&#039;hui, notamment Shein, Shopee, Temu et d&#039;autres places de march\u00e9 mondiales \u00e0 croissance rapide.<\/p>\n\n\n\n<p>Nous proposons :<\/p>\n\n\n\n<ul class=\"wp-block-list\">\n<li>Pr\u00e9sentation claire des programmes de r\u00e9compenses, des syst\u00e8mes de points et des niveaux VIP<\/li>\n\n\n\n<li>Guides \u00e9tape par \u00e9tape pour les essais gratuits, les coupons et les strat\u00e9gies de r\u00e9duction<\/li>\n\n\n\n<li>Explications transparentes des politiques d&#039;exp\u00e9dition, de retour et de protection des acheteurs<\/li>\n\n\n\n<li>Comparaison des plateformes pour vous aider \u00e0 choisir la meilleure option<\/li>\n\n\n\n<li>Des informations pratiques sur la qualit\u00e9 des produits, les tendances et les exp\u00e9riences d&#039;achat r\u00e9elles<\/li>\n<\/ul>\n\n\n\n<p>Notre objectif n\u2019est pas seulement de vous informer, mais de vous aider \u00e0 prendre de meilleures d\u00e9cisions.<\/p>\n\n\n\n<hr class=\"wp-block-separator has-alpha-channel-opacity\"\/>\n\n\n\n<h2 class=\"wp-block-heading\">Nos cat\u00e9gories<\/h2>\n\n\n\n<p>Pour rendre votre exp\u00e9rience simple et organis\u00e9e, notre contenu est structur\u00e9 en quatre grandes cat\u00e9gories\u00a0:<\/p>\n\n\n\n<h3 class=\"wp-block-heading\">\ud83c\udfe0 Maison<\/h3>\n\n\n\n<p>Guides et conseils sur les produits pour la maison, les tendances en mati\u00e8re de d\u00e9coration, les articles m\u00e9nagers essentiels et les astuces pour \u00e9conomiser sur vos achats quotidiens.<\/p>\n\n\n\n<h3 class=\"wp-block-heading\">\ud83d\udc57 Mode<\/h3>\n\n\n\n<p>Couverture approfondie des plateformes de mode, des tendances de style, des programmes VIP, des essais gratuits et des strat\u00e9gies pour \u00e9conomiser de l&#039;argent sur les v\u00eatements et les accessoires.<\/p>\n\n\n\n<h3 class=\"wp-block-heading\">\ud83d\udcbb Technologie<\/h3>\n\n\n\n<p>Guides d&#039;achat intelligents pour les gadgets, les accessoires num\u00e9riques, les fonctionnalit\u00e9s des plateformes et les offres li\u00e9es \u00e0 la technologie.<\/p>\n\n\n\n<h3 class=\"wp-block-heading\">\ud83d\udca1 Conseils<\/h3>\n\n\n\n<p>Conseils pratiques sur la s\u00e9curit\u00e9 en ligne, comment \u00e9viter les arnaques, comparer les prix, comprendre les politiques et optimiser les programmes de r\u00e9compenses.<\/p>\n\n\n\n<p>Chaque cat\u00e9gorie est con\u00e7ue pour vous aider \u00e0 faire vos achats avec plus de clart\u00e9 et de confiance.<\/p>\n\n\n\n<hr class=\"wp-block-separator has-alpha-channel-opacity\"\/>\n\n\n\n<h2 class=\"wp-block-heading\">Pourquoi nous existons<\/h2>\n\n\n\n<p>Faire ses achats en ligne ne devrait pas \u00eatre une source de stress.<\/p>\n\n\n\n<p>Les plateformes proposent sans cesse de nouveaux avantages, r\u00e8gles, ventes flash et programmes de fid\u00e9lit\u00e9. Sans conseils fiables, il est facile de rater des opportunit\u00e9s, voire pire, de commettre des erreurs co\u00fbteuses.<\/p>\n\n\n\n<p>NewJoinz existe pour simplifier cette complexit\u00e9.<br>Nous traduisons les politiques, les avantages et les tendances de la plateforme en informations claires et faciles \u00e0 comprendre, sans jargon inutile.<\/p>\n\n\n\n<hr class=\"wp-block-separator has-alpha-channel-opacity\"\/>\n\n\n\n<h2 class=\"wp-block-heading\">Nos piliers fondamentaux<\/h2>\n\n\n\n<p>Notre approche \u00e9ditoriale repose sur quatre principes :<\/p>\n\n\n\n<p><strong>Transparence<\/strong> \u2013 Des explications claires et des analyses honn\u00eates.<br><strong>Conseils pratiques<\/strong> \u2013 Un contenu exploitable, \u00e9tape par \u00e9tape.<br><strong>Achats intelligents<\/strong> \u2013 Vous aider \u00e0 \u00e9conomiser de l&#039;argent et \u00e0 magasiner en toute s\u00e9curit\u00e9.<br><strong>Expertise de la plateforme<\/strong> \u2013 Analyse approfondie des \u00e9cosyst\u00e8mes de commerce \u00e9lectronique modernes.<\/p>\n\n\n\n<hr class=\"wp-block-separator has-alpha-channel-opacity\"\/>\n\n\n\n<h2 class=\"wp-block-heading\">Notre engagement en faveur de la transparence<\/h2>\n\n\n\n<p>NewJoinz est financ\u00e9 par des partenariats publicitaires et des programmes d&#039;affiliation. Cela signifie que nous pouvons percevoir une commission lorsque vous cliquez sur certains liens, sans frais suppl\u00e9mentaires pour vous.<\/p>\n\n\n\n<p>Toutefois, notre contenu \u00e9ditorial reste ind\u00e9pendant.<br>Notre priorit\u00e9 est de toujours fournir des informations pr\u00e9cises, utiles et ax\u00e9es sur le consommateur.<\/p>\n\n\n\n<hr class=\"wp-block-separator has-alpha-channel-opacity\"\/>\n\n\n\n<h2 class=\"wp-block-heading\">Ce en quoi nous croyons<\/h2>\n\n\n\n<p>Les achats en ligne devraient \u00eatre\u00a0:<\/p>\n\n\n\n<ul class=\"wp-block-list\">\n<li>Facile<\/li>\n\n\n\n<li>S\u00fbr<\/li>\n\n\n\n<li>R\u00e9compense<\/li>\n\n\n\n<li>Transparent<\/li>\n<\/ul>\n\n\n\n<p>Avec les bonnes informations, vous gagnez du temps, \u00e9vitez les d\u00e9penses inutiles et profitez pleinement de tout ce que chaque plateforme a \u00e0 offrir.<\/p>\n\n\n\n<p>Chez NewJoinz, nous sommes l\u00e0 pour vous guider \u00e0 chaque \u00e9tape.<\/p>","protected":false},"excerpt":{"rendered":"<p>Welcome to NewJoinz, your trusted source for navigating the modern world of online shopping. Our mission is simple: to make online shopping&#8230;<\/p>","protected":false},"author":3,"featured_media":0,"parent":0,"menu_order":0,"comment_status":"closed","ping_status":"closed","template":"","meta":{"footnotes":""},"class_list":["post-102","page","type-page","status-publish","hentry","entry"],"_links":{"self":[{"href":"https:\/\/newjoinz.com\/fr\/wp-json\/wp\/v2\/pages\/102","targetHints":{"allow":["GET"]}}],"collection":[{"href":"https:\/\/newjoinz.com\/fr\/wp-json\/wp\/v2\/pages"}],"about":[{"href":"https:\/\/newjoinz.com\/fr\/wp-json\/wp\/v2\/types\/page"}],"author":[{"embeddable":true,"href":"https:\/\/newjoinz.com\/fr\/wp-json\/wp\/v2\/users\/3"}],"replies":[{"embeddable":true,"href":"https:\/\/newjoinz.com\/fr\/wp-json\/wp\/v2\/comments?post=102"}],"version-history":[{"count":3,"href":"https:\/\/newjoinz.com\/fr\/wp-json\/wp\/v2\/pages\/102\/revisions"}],"predecessor-version":[{"id":1677,"href":"https:\/\/newjoinz.com\/fr\/wp-json\/wp\/v2\/pages\/102\/revisions\/1677"}],"wp:attachment":[{"href":"https:\/\/newjoinz.com\/fr\/wp-json\/wp\/v2\/media?parent=102"}],"curies":[{"name":"wp","href":"https:\/\/api.w.org\/{rel}","templated":true}]}}